{"id":2205,"date":"2021-04-12T00:30:18","date_gmt":"2021-04-11T22:30:18","guid":{"rendered":"http:\/\/neurologiawawrzyniak.pl\/?page_id=2205"},"modified":"2026-01-01T16:41:15","modified_gmt":"2026-01-01T15:41:15","slug":"cennik","status":"publish","type":"page","link":"https:\/\/neurologiawawrzyniak.pl\/index.php\/cennik\/","title":{"rendered":"Cennik"},"content":{"rendered":"<style>.wp-block-kadence-spacer.kt-block-spacer-2205_937f14-1d .kt-block-spacer{height:54px;}.wp-block-kadence-spacer.kt-block-spacer-2205_937f14-1d .kt-divider{border-top-width:29px;height:1px;border-top-color:#4acbf0;width:100%;border-top-style:solid;}<\/style>\n<div class=\"wp-block-kadence-spacer aligncenter kt-block-spacer-2205_937f14-1d\"><div class=\"kt-block-spacer kt-block-spacer-halign-center\"><hr class=\"kt-divider\"\/><\/div><\/div>\n\n\n\n<div class=\"wp-block-columns is-layout-flex wp-container-core-columns-is-layout-9d6595d7 wp-block-columns-is-layout-flex\">\n<div class=\"wp-block-column is-layout-flow wp-block-column-is-layout-flow\" style=\"flex-basis:25%\">\n<figure class=\"wp-block-image size-large\"><img loading=\"lazy\" decoding=\"async\" width=\"926\" height=\"452\" src=\"https:\/\/neurologiawawrzyniak.pl\/wp-content\/uploads\/2021\/04\/logo_cnw2.jpg\" alt=\"\" class=\"wp-image-2289\" srcset=\"https:\/\/neurologiawawrzyniak.pl\/wp-content\/uploads\/2021\/04\/logo_cnw2.jpg 926w, https:\/\/neurologiawawrzyniak.pl\/wp-content\/uploads\/2021\/04\/logo_cnw2-300x146.jpg 300w, https:\/\/neurologiawawrzyniak.pl\/wp-content\/uploads\/2021\/04\/logo_cnw2-768x375.jpg 768w\" sizes=\"auto, (max-width: 926px) 100vw, 926px\" \/><figcaption class=\"wp-element-caption\"><strong>NZOZ Centrum Neurologii Wawrzyniak<br>ul. Kar\u0142owicza 22\/40, 85-092 Bydgoszcz<br>mail: kontakt@neurologiawawrzyniak.pl<\/strong><br><br><strong>rejestracja:<br>od poniedzia\u0142ku do pi\u0105tku<br>w godzinach 10.00-14.00<br>tel. 669 576 488<\/strong><\/figcaption><\/figure>\n<\/div>\n\n\n\n<div class=\"wp-block-column is-layout-flow wp-block-column-is-layout-flow\" style=\"flex-basis:75%\">\n<p class=\"has-theme-palette-3-color has-text-color has-large-font-size\"><strong>Cennik<\/strong><\/p>\n\n\n\n<div class=\"wp-block-columns is-layout-flex wp-container-core-columns-is-layout-9d6595d7 wp-block-columns-is-layout-flex\">\n<div class=\"wp-block-column is-layout-flow wp-block-column-is-layout-flow\" style=\"flex-basis:100%\">\n<div class=\"wp-block-columns is-layout-flex wp-container-core-columns-is-layout-9d6595d7 wp-block-columns-is-layout-flex\">\n<div class=\"wp-block-column is-layout-flow wp-block-column-is-layout-flow\" style=\"flex-basis:40%\">\n<p class=\"has-theme-palette-3-color has-text-color has-medium-font-size\"><strong><span style=\"text-decoration: underline;\">Konsultacja neurologa:<\/span><\/strong><\/p>\n\n\n\n<p><strong>dr n. med. S\u0142awomir Wawrzyniak:<\/strong><br>I wizyta &#8211; 350 z\u0142,<br>kolejna wizyta &#8211; 300 z\u0142<\/p>\n\n\n\n<p class=\"has-theme-palette-3-color has-text-color has-medium-font-size\"><span style=\"text-decoration: underline;\">EEG:<\/span><\/p>\n\n\n\n<p>doro\u015bli &#8211; 200 z\u0142 <br>dzieci &#8211; 200 z\u0142<\/p>\n<\/div>\n\n\n\n<div class=\"wp-block-column is-layout-flow wp-block-column-is-layout-flow\" style=\"flex-basis:40%\">\n<p class=\"has-theme-palette-3-color has-text-color has-medium-font-size\"><strong><span style=\"text-decoration: underline;\">Konsultacja psychologa:<\/span><\/strong><\/p>\n\n\n\n<p><strong>mgr Arletta K\u0119cik:<\/strong><br>Konsultacja psychologiczna indywidualna &#8211; 200 z\u0142<br>Konsultacja psychologiczna dla 2 os\u00f3b &#8211; 200 z\u0142<br>Opinia psychologiczna &#8211; 100 z\u0142<\/p>\n\n\n\n<p>Za obecno\u015b\u0107 psychologa podczas rozprawy s\u0105dowej pobierana jest p\u0142atno\u015b\u0107 w wysoko\u015bci op\u0142aty za wizyt\u0119. <\/p>\n\n\n\n<p>Za nieodwo\u0142an\u0105 wizyt\u0119 &#8211; tzn. za wizyt\u0119, kt\u00f3ra nie zosta\u0142a odwo\u0142ana minimum 24 godziny wcze\u015bniej &#8211; pacjent b\u0119dzie zobowi\u0105zany zap\u0142aci\u0107 podw\u00f3jn\u0105 wysoko\u015b\u0107 op\u0142aty za nast\u0119pn\u0105 konsultacj\u0119 psychologiczn\u0105<\/p>\n<\/div>\n\n\n\n<div class=\"wp-block-column is-layout-flow wp-block-column-is-layout-flow\"><\/div>\n<\/div>\n<\/div>\n<\/div>\n<\/div>\n<\/div>\n\n\n\n<div class=\"wp-block-columns is-layout-flex wp-container-core-columns-is-layout-9d6595d7 wp-block-columns-is-layout-flex\"><\/div>\n\n\n<style>.wp-block-kadence-spacer.kt-block-spacer-2205_3c8436-44 .kt-block-spacer{height:54px;}.wp-block-kadence-spacer.kt-block-spacer-2205_3c8436-44 .kt-divider{border-top-width:29px;height:1px;border-top-color:#4acbf0;width:100%;border-top-style:solid;}<\/style>\n<div class=\"wp-block-kadence-spacer aligncenter kt-block-spacer-2205_3c8436-44\"><div class=\"kt-block-spacer kt-block-spacer-halign-center\"><hr class=\"kt-divider\"\/><\/div><\/div>\n\n\n\n<p><\/p>\n","protected":false},"excerpt":{"rendered":"<p>Cennik Konsultacja neurologa: dr n. med. S\u0142awomir Wawrzyniak:I wizyta &#8211; 350 z\u0142,kolejna wizyta &#8211; 300 z\u0142 EEG: doro\u015bli &#8211; 200 z\u0142 dzieci &#8211; 200 z\u0142 Konsultacja psychologa: mgr Arletta K\u0119cik:Konsultacja psychologiczna indywidualna &#8211; 200 z\u0142Konsultacja psychologiczna dla 2 os\u00f3b &#8211; 200 z\u0142Opinia psychologiczna &#8211; 100 z\u0142 Za obecno\u015b\u0107 psychologa podczas rozprawy s\u0105dowej pobierana jest p\u0142atno\u015b\u0107&#8230;<\/p>\n","protected":false},"author":1,"featured_media":0,"parent":0,"menu_order":0,"comment_status":"closed","ping_status":"closed","template":"","meta":{"_uag_custom_page_level_css":"","_kadence_starter_templates_imported_post":false,"_kad_post_transparent":"","_kad_post_title":"","_kad_post_layout":"","_kad_post_sidebar_id":"","_kad_post_content_style":"","_kad_post_vertical_padding":"","_kad_post_feature":"","_kad_post_feature_position":"","_kad_post_header":false,"_kad_post_footer":false,"_kad_post_classname":"","footnotes":""},"class_list":["post-2205","page","type-page","status-publish","hentry"],"uagb_featured_image_src":{"full":false,"thumbnail":false,"medium":false,"medium_large":false,"large":false,"1536x1536":false,"2048x2048":false},"uagb_author_info":{"display_name":"dag_ada@wp.pl","author_link":"https:\/\/neurologiawawrzyniak.pl\/index.php\/author\/dag_adawp-pl\/"},"uagb_comment_info":0,"uagb_excerpt":"Cennik Konsultacja neurologa: dr n. med. S\u0142awomir Wawrzyniak:I wizyta &#8211; 350 z\u0142,kolejna wizyta &#8211; 300 z\u0142 EEG: doro\u015bli &#8211; 200 z\u0142 dzieci &#8211; 200 z\u0142 Konsultacja psychologa: mgr Arletta K\u0119cik:Konsultacja psychologiczna indywidualna &#8211; 200 z\u0142Konsultacja psychologiczna dla 2 os\u00f3b &#8211; 200 z\u0142Opinia psychologiczna &#8211; 100 z\u0142 Za obecno\u015b\u0107 psychologa podczas rozprawy s\u0105dowej pobierana jest p\u0142atno\u015b\u0107...","_links":{"self":[{"href":"https:\/\/neurologiawawrzyniak.pl\/index.php\/wp-json\/wp\/v2\/pages\/2205","targetHints":{"allow":["GET"]}}],"collection":[{"href":"https:\/\/neurologiawawrzyniak.pl\/index.php\/wp-json\/wp\/v2\/pages"}],"about":[{"href":"https:\/\/neurologiawawrzyniak.pl\/index.php\/wp-json\/wp\/v2\/types\/page"}],"author":[{"embeddable":true,"href":"https:\/\/neurologiawawrzyniak.pl\/index.php\/wp-json\/wp\/v2\/users\/1"}],"replies":[{"embeddable":true,"href":"https:\/\/neurologiawawrzyniak.pl\/index.php\/wp-json\/wp\/v2\/comments?post=2205"}],"version-history":[{"count":19,"href":"https:\/\/neurologiawawrzyniak.pl\/index.php\/wp-json\/wp\/v2\/pages\/2205\/revisions"}],"predecessor-version":[{"id":2495,"href":"https:\/\/neurologiawawrzyniak.pl\/index.php\/wp-json\/wp\/v2\/pages\/2205\/revisions\/2495"}],"wp:attachment":[{"href":"https:\/\/neurologiawawrzyniak.pl\/index.php\/wp-json\/wp\/v2\/media?parent=2205"}],"curies":[{"name":"wp","href":"https:\/\/api.w.org\/{rel}","templated":true}]}}